{"id":140,"date":"2023-07-28T22:11:34","date_gmt":"2023-07-28T20:11:34","guid":{"rendered":"https:\/\/os-dlermana-brestovac.skole.hr\/?page_id=140"},"modified":"2024-02-15T22:03:45","modified_gmt":"2024-02-15T21:03:45","slug":"javni-pozivi","status":"publish","type":"page","link":"https:\/\/os-dlermana-brestovac.skole.hr\/?page_id=140","title":{"rendered":"Javni pozivi"},"content":{"rendered":"<p>[et_pb_section fb_built=&#8221;1&#8243; _builder_version=&#8221;4.22.0&#8243; _module_preset=&#8221;default&#8221; custom_padding=&#8221;0px|||||&#8221; global_colors_info=&#8221;{}&#8221;][et_pb_row _builder_version=&#8221;4.22.0&#8243; _module_preset=&#8221;default&#8221; global_colors_info=&#8221;{}&#8221;][et_pb_column type=&#8221;4_4&#8243; _builder_version=&#8221;4.22.0&#8243; _module_preset=&#8221;default&#8221; global_colors_info=&#8221;{}&#8221;][et_pb_toggle title=&#8221;Javni pozivi&#8221; open=&#8221;on&#8221; open_toggle_text_color=&#8221;#0C71C3&#8243; _builder_version=&#8221;4.23.1&#8243; _module_preset=&#8221;default&#8221; title_text_color=&#8221;#0C71C3&#8243; title_level=&#8221;h4&#8243; title_font=&#8221;|600|||||||&#8221; global_colors_info=&#8221;{}&#8221;]<\/p>\n<p><span>U skladu sa Pravilnikom o izvo\u0111enju izleta, ekskurzija i drugih odgojno-obrazovnih aktivnosti izvan \u0161kole (Narodne novine 67\/2014), na ovim stranicama \u0107ete prona\u0107i pozive za organizaciju jednodnevne i vi\u0161ednevne izvanu\u010dioni\u010dke nastave.<\/span><\/p>\n<p>[\/et_pb_toggle][et_pb_text _builder_version=&#8221;4.23.1&#8243; _module_preset=&#8221;default&#8221; custom_margin=&#8221;||40px|||&#8221; global_colors_info=&#8221;{}&#8221;]<\/p>\n<p>Popis dokumenata<\/p>\n<p>[\/et_pb_text][et_pb_image src=&#8221;https:\/\/os-dlermana-brestovac.skole.hr\/wp-content\/uploads\/sites\/774\/2024\/01\/Slika.jpg&#8221; title_text=&#8221;Slika&#8221; _builder_version=&#8221;4.23.1&#8243; _module_preset=&#8221;default&#8221; global_colors_info=&#8221;{}&#8221;][\/et_pb_image][et_pb_image src=&#8221;https:\/\/os-dlermana-brestovac.skole.hr\/wp-content\/uploads\/sites\/774\/2024\/02\/Slika.jpg&#8221; _builder_version=&#8221;4.23.1&#8243; _module_preset=&#8221;default&#8221; title_text=&#8221;Slika&#8221; hover_enabled=&#8221;0&#8243; sticky_enabled=&#8221;0&#8243;][\/et_pb_image][et_pb_text _builder_version=&#8221;4.23.1&#8243; _module_preset=&#8221;default&#8221; global_colors_info=&#8221;{}&#8221;]<\/p>\n<p><a href=\"https:\/\/os-dlermana-brestovac.skole.hr\/wp-content\/uploads\/sites\/774\/2024\/01\/obrazac-izleti-visednevna-1.doc\">Obrazac izleta.pdf<\/a><\/p>\n<p>[\/et_pb_text][\/et_pb_column][\/et_pb_row][\/et_pb_section]<\/p>\n","protected":false},"excerpt":{"rendered":"<p>U skladu sa Pravilnikom o izvo\u0111enju izleta, ekskurzija i drugih odgojno-obrazovnih aktivnosti izvan \u0161kole (Narodne novine 67\/2014), na ovim stranicama \u0107ete prona\u0107i pozive za organizaciju jednodnevne i vi\u0161ednevne izvanu\u010dioni\u010dke nastave.Popis dokumenataObrazac izleta.pdf<\/p>\n","protected":false},"author":0,"featured_media":0,"parent":0,"menu_order":0,"comment_status":"closed","ping_status":"closed","template":"","meta":{"_et_pb_use_builder":"on","_et_pb_old_content":"","_et_gb_content_width":"","footnotes":""},"_links":{"self":[{"href":"https:\/\/os-dlermana-brestovac.skole.hr\/index.php?rest_route=\/wp\/v2\/pages\/140"}],"collection":[{"href":"https:\/\/os-dlermana-brestovac.skole.hr\/index.php?rest_route=\/wp\/v2\/pages"}],"about":[{"href":"https:\/\/os-dlermana-brestovac.skole.hr\/index.php?rest_route=\/wp\/v2\/types\/page"}],"replies":[{"embeddable":true,"href":"https:\/\/os-dlermana-brestovac.skole.hr\/index.php?rest_route=%2Fwp%2Fv2%2Fcomments&post=140"}],"version-history":[{"count":4,"href":"https:\/\/os-dlermana-brestovac.skole.hr\/index.php?rest_route=\/wp\/v2\/pages\/140\/revisions"}],"predecessor-version":[{"id":294102,"href":"https:\/\/os-dlermana-brestovac.skole.hr\/index.php?rest_route=\/wp\/v2\/pages\/140\/revisions\/294102"}],"wp:attachment":[{"href":"https:\/\/os-dlermana-brestovac.skole.hr\/index.php?rest_route=%2Fwp%2Fv2%2Fmedia&parent=140"}],"curies":[{"name":"wp","href":"https:\/\/api.w.org\/{rel}","templated":true}]}}