{"id":146,"date":"2023-07-28T22:11:50","date_gmt":"2023-07-28T20:11:50","guid":{"rendered":"https:\/\/os-dlermana-brestovac.skole.hr\/?page_id=146"},"modified":"2023-11-22T13:19:54","modified_gmt":"2023-11-22T12:19:54","slug":"cesta-pitanja","status":"publish","type":"page","link":"https:\/\/os-dlermana-brestovac.skole.hr\/?page_id=146","title":{"rendered":"\u010cesta pitanja"},"content":{"rendered":"<p>[et_pb_section fb_built=&#8221;1&#8243; fullwidth=&#8221;on&#8221; admin_label=&#8221;Hero&#8221; _builder_version=&#8221;4.16&#8243; background_image=&#8221;https:\/\/os-dlermana-brestovac.skole.hr\/wp-content\/uploads\/sites\/774\/2023\/11\/hdgdgh.jpg&#8221; parallax=&#8221;on&#8221; top_divider_style=&#8221;clouds2&#8243; top_divider_color=&#8221;rgba(255,255,255,0.3)&#8221; top_divider_height=&#8221;100%&#8221; bottom_divider_height=&#8221;30px&#8221; global_colors_info=&#8221;{}&#8221;][et_pb_fullwidth_header title=&#8221;Cjelodnevna nastava&#8221; subhead=&#8221;Pitanja i odgovori&#8221; text_orientation=&#8221;center&#8221; _builder_version=&#8221;4.23.1&#8243; title_level=&#8221;h2&#8243; title_font=&#8221;Rubik|700||on|||||&#8221; title_text_color=&#8221;#ff7355&#8243; title_font_size=&#8221;16px&#8221; title_letter_spacing=&#8221;5px&#8221; title_line_height=&#8221;2em&#8221; content_font=&#8221;Rubik||||||||&#8221; content_font_size=&#8221;18px&#8221; content_line_height=&#8221;2em&#8221; subhead_font=&#8221;Rubik|700|||||||&#8221; subhead_text_color=&#8221;rgba(0,0,0,0.8)&#8221; subhead_font_size=&#8221;50px&#8221; subhead_line_height=&#8221;1.4em&#8221; background_color=&#8221;rgba(255,255,255,0)&#8221; use_background_color_gradient=&#8221;on&#8221; background_color_gradient_stops=&#8221;rgba(255,255,255,0.7) 0%|#ffffff 100%&#8221; background_color_gradient_start=&#8221;rgba(255,255,255,0.7)&#8221; background_color_gradient_end=&#8221;#ffffff&#8221; background_size=&#8221;contain&#8221; background_position=&#8221;bottom_center&#8221; custom_button_one=&#8221;on&#8221; button_one_text_size=&#8221;16px&#8221; button_one_text_color=&#8221;#ffffff&#8221; button_one_bg_color=&#8221;#ff7355&#8243; button_one_border_width=&#8221;15px&#8221; button_one_border_color=&#8221;rgba(210,159,104,0)&#8221; button_one_border_radius=&#8221;100px&#8221; button_one_letter_spacing=&#8221;0px&#8221; button_one_font=&#8221;Rubik|700|||||||&#8221; button_one_use_icon=&#8221;off&#8221; custom_button_two=&#8221;on&#8221; button_two_text_size=&#8221;16px&#8221; button_two_text_color=&#8221;#ffffff&#8221; button_two_bg_color=&#8221;rgba(0,0,0,0.6)&#8221; button_two_border_width=&#8221;15px&#8221; button_two_border_color=&#8221;rgba(210,159,104,0)&#8221; button_two_border_radius=&#8221;100px&#8221; button_two_letter_spacing=&#8221;0px&#8221; button_two_font=&#8221;Rubik|700|||||||&#8221; button_two_use_icon=&#8221;off&#8221; background_layout=&#8221;light&#8221; custom_margin=&#8221;|||&#8221; custom_padding=&#8221;8vw||4vw|&#8221; animation_style=&#8221;slide&#8221; animation_direction=&#8221;bottom&#8221; animation_intensity_slide=&#8221;1%&#8221; subhead_font_size_tablet=&#8221;&#8221; subhead_font_size_phone=&#8221;30px&#8221; subhead_font_size_last_edited=&#8221;on|phone&#8221; button_one_border_radius_hover=&#8221;100px&#8221; button_two_border_radius_hover=&#8221;100px&#8221; button_one_bg_color_hover=&#8221;#ff8a70&#8243; button_two_bg_color_hover=&#8221;#ff8a70&#8243; global_colors_info=&#8221;{}&#8221; button_one_text_size__hover_enabled=&#8221;off&#8221; button_two_text_size__hover_enabled=&#8221;off&#8221; button_one_text_color__hover_enabled=&#8221;off&#8221; button_two_text_color__hover_enabled=&#8221;off&#8221; button_one_border_width__hover_enabled=&#8221;off&#8221; button_two_border_width__hover_enabled=&#8221;off&#8221; button_one_border_color__hover_enabled=&#8221;off&#8221; button_two_border_color__hover_enabled=&#8221;off&#8221; button_one_border_radius__hover_enabled=&#8221;on&#8221; button_one_border_radius__hover=&#8221;100px&#8221; button_two_border_radius__hover_enabled=&#8221;on&#8221; button_two_border_radius__hover=&#8221;100px&#8221; button_one_letter_spacing__hover_enabled=&#8221;off&#8221; button_two_letter_spacing__hover_enabled=&#8221;off&#8221; button_one_bg_color__hover_enabled=&#8221;on&#8221; button_one_bg_color__hover=&#8221;#ff8a70&#8243; button_two_bg_color__hover_enabled=&#8221;on&#8221; button_two_bg_color__hover=&#8221;#ff8a70&#8243;][\/et_pb_fullwidth_header][\/et_pb_section][et_pb_section fb_built=&#8221;1&#8243; admin_label=&#8221;Admissions&#8221; _builder_version=&#8221;4.16&#8243; use_background_color_gradient=&#8221;on&#8221; background_color_gradient_stops=&#8221;#ffffff 0%|#e3e3e8 100%&#8221; background_color_gradient_start=&#8221;#ffffff&#8221; background_color_gradient_end=&#8221;#e3e3e8&#8243; background_image=&#8221;https:\/\/os-dlermana-brestovac.skole.hr\/wp-content\/uploads\/sites\/774\/2023\/11\/shapes-bg-1.png&#8221; parallax=&#8221;on&#8221; custom_padding=&#8221;12px|||||&#8221; global_colors_info=&#8221;{}&#8221;][et_pb_row _builder_version=&#8221;4.23.1&#8243; _module_preset=&#8221;default&#8221; global_colors_info=&#8221;{}&#8221;][et_pb_column type=&#8221;4_4&#8243; _builder_version=&#8221;4.23.1&#8243; _module_preset=&#8221;default&#8221; global_colors_info=&#8221;{}&#8221;][et_pb_text _builder_version=&#8221;4.23.1&#8243; _module_preset=&#8221;default&#8221; hover_enabled=&#8221;0&#8243; global_colors_info=&#8221;{}&#8221; sticky_enabled=&#8221;0&#8243;]<\/p>\n<h3><span style=\"color: #0000ff\"><strong>01.<\/strong><\/span><\/h3>\n<p><strong>Kako funkcionira cjelodnevna \u0161kola?\u00a0<\/strong><\/p>\n<p style=\"text-align: justify\"><span>Sama nastava u cjelodnevnoj \u0161koli podijeljena je na \u010detiri dijela odnosno \u010detiri odgojno obrazovna programa. Prvi dio je takozvani A1 program odnosno program redovne nastave. Ba\u0161 kao i sada podijeljena je u predmete, s obvezama u\u010denika i nastavnika za pra\u0107enje usvojenih kurikuluma. Drugi dio je takozvani A2 program odnosno program potpore, potpomognutog i oboga\u0107enog u\u010denja. U cjelodnevnoj \u0161koli A1 i A2 program obvezni su za sve u\u010denike i svaki \u0107e se dan\u00a0<\/span><strong>primjenjivati<\/strong><span>\u00a0u nastavi koja \u0107e u obveznom dijelu trajati do najkasnije 15 sati. Tre\u0107i i \u010detvrti program izborni su programi &#8211;<em><strong> B1 su izvannastavne a B2 izvan\u0161kolske aktivnosti<\/strong><\/em> na koje u\u010denik mo\u017ee i ne mora i\u0107i. Ta dva programa na raspolaganju su u\u010denicima od 15 sati do najkasnije 17 sati.<\/span><\/p>\n<p>[\/et_pb_text][et_pb_text _builder_version=&#8221;4.23.1&#8243; _module_preset=&#8221;default&#8221; locked=&#8221;off&#8221; global_colors_info=&#8221;{}&#8221;]<\/p>\n<h3><span style=\"color: #ff0000\"><strong>02.<\/strong><\/span><\/h3>\n<p><strong>\u0160to je A1 program, odnosno redovna nastava?<\/strong>\u00a0<\/p>\n<p>Sve ono \u0161to i danas u\u010denici rade na nastavi uz \u010dinjenicu da se u cjelodnevnoj nastavi mijenja satnica pojedinih predmeta i uvode novi predmeti.<\/p>\n<p><strong>\u0160to to\u010dno u\u010denici rade na A2 programu odnosno program potpomognutog u\u010denja?<\/strong><\/p>\n<p style=\"text-align: justify\">\u00a0Ponavljaju nau\u010deno gradivo toga dana, poja\u0161njava im se ono \u0161to ne razumiju i nisu shvatili, pi\u0161u zada\u0107e i sve zadatke koje su dobili od profesora na redovnoj nastavi. To sve rade u \u0161koli u suradnji s profesorima koji tada nemaju ulogu predavati nego se posvetiti djeci i potruditi da savladaju gradivo i sve usvoje ili nau\u010de vi\u0161e. Naime sada u \u0161kolama postoji dopunska i dodatna nastava &#8211; ona nije obvezuju\u0107a a neke je \u0161kole i nastavnici niti ne provode. Tako djeca nemaju priliku svladati gradivo jer im se nastavnici u trenutnom obliku nastave u na\u0161im \u0161kolama ne stignu posvetiti,<span>\u00a0<\/span><strong>a sada \u0107e im to biti obveza<\/strong>. Dakle sve ono \u0161to djeca danas rade kad se vrate s nastave, s roditeljima ili na instrukcijama poku\u0161avaju\u0107i svladati gradivo radit \u0107e u tom dijelu u cjelodnevnoj \u0161koli, a nastavnik se obvezuje da svaki u\u010denik mora dosti\u0107i osnovna znanja gradiva i sadr\u017eaja. upravo zbog uvo\u0111enja ovog dijela u cjelodnevnu \u0161kolu nema rje\u0161avanje doma\u0107ih zada\u0107a ku\u0107ama niti bi se djeca ku\u0107i trebala tro\u0161iti sate u\u010de\u0107i. Dakle sve \u0161kolske obveze svaki u\u010denik obavlja u \u0161koli uz stru\u010dnu pomo\u0107.<\/p>\n<p>[\/et_pb_text][et_pb_text _builder_version=&#8221;4.23.1&#8243; _module_preset=&#8221;default&#8221; hover_enabled=&#8221;0&#8243; global_colors_info=&#8221;{}&#8221; sticky_enabled=&#8221;0&#8243; locked=&#8221;off&#8221;]<\/p>\n<h3><span style=\"color: #00ff00\"><strong>03.<\/strong><\/span><\/h3>\n<p><strong>\u0160to se mijenja u samoj nastavi?<\/strong><\/p>\n<p style=\"text-align: justify\">Svim se u\u010denicima od prvog do osmog razreda za jedan sat tjedno pove\u0107ava sat hrvatskog jezika od satnice koju imaju trenutno. Za sat vi\u0161e pove\u0107ava se i matematika. Od prvog do \u010detvrtog razreda uve\u0107ava se i satnica likovne i glazbene kulture, a u\u010denicima \u010detvrtog razreda za jedan sat tjedno uve\u0107ava se i satnica\u00a0<strong>tjelesnog<\/strong>. Informatika postaje obvezni predmet kroz sve godine osnovno\u0161kolskog obrazovanja. Do sada je taj predmet bio obvezan u V. i VI. razredu i u\u010dio se <strong>dva sata tjedno<\/strong>, a sada je obvezan od I. do VIII. razreda i u\u010dit \u0107e se <strong>jedan sat tjedno<\/strong> u redovnoj nastavi. U\u010denicima V. i VI razreda za jedan sat tjedno pove\u0107ava se satnica tehni\u010dke kulture u odnosu na trenutnu satnicu toga predmeta u \u0161kolama, a uve\u0107ava se i satnica geografije<\/p>\n<p>[\/et_pb_text][et_pb_text _builder_version=&#8221;4.23.1&#8243; _module_preset=&#8221;default&#8221; hover_enabled=&#8221;0&#8243; global_colors_info=&#8221;{}&#8221; sticky_enabled=&#8221;0&#8243; locked=&#8221;off&#8221;]<\/p>\n<h3><span style=\"color: #aa0044\"><strong>04.<\/strong><\/span><\/h3>\n<p><strong>Kako funkcionira cjelodnevna \u0161kola?\u00a0<\/strong><\/p>\n<p style=\"text-align: justify\"><span>Sama nastava u cjelodnevnoj \u0161koli podijeljena je na \u010detiri dijela odnosno \u010detiri odgojno obrazovna programa. Prvi dio je takozvani A1 program odnosno program redovne nastave. Ba\u0161 kao i sada podijeljena je u predmete, s obvezama u\u010denika i nastavnika za pra\u0107enje usvojenih kurikuluma. Drugi dio je takozvani A2 program odnosno program potpore, potpomognutog i oboga\u0107enog u\u010denja. U cjelodnevnoj \u0161koli A1 i A2 program obvezni su za sve u\u010denike i svaki \u0107e se dan\u00a0<\/span><strong>primjenjivati<\/strong><span>\u00a0u nastavi koja \u0107e u obveznom dijelu trajati do najkasnije 15 sati. Tre\u0107i i \u010detvrti program izborni su programi &#8211;<em><strong> B1 su izvannastavne a B2 izvan\u0161kolske aktivnosti<\/strong><\/em> na koje u\u010denik mo\u017ee i ne mora i\u0107i. Ta dva programa na raspolaganju su u\u010denicima od 15 sati do najkasnije 17 sati.<\/span><\/p>\n<p>[\/et_pb_text][et_pb_text _builder_version=&#8221;4.23.1&#8243; _module_preset=&#8221;default&#8221; global_colors_info=&#8221;{}&#8221; sticky_enabled=&#8221;0&#8243; locked=&#8221;off&#8221; hover_enabled=&#8221;0&#8243;]<\/p>\n<h3><span style=\"color: #aa0044\"><strong>04.<\/strong><\/span><\/h3>\n<p><strong>Zar \u0107e djeca biti u \u0161koli do 17 sati?\u00a0<\/strong><\/p>\n<p style=\"text-align: justify\"><span>Ne. Cjelodnevna nastava ima obvezni dio koji \u0107e sada trajati \u00a0do \u00a0najkasnije 15 sati. Nakon toga kre\u0107u izvannastavne i izvan\u0161kolske aktivnosti a ovisno o njihovom odabiru ovisit \u0107e i kona\u010dni boravak u \u0161koli.<\/span><\/p>\n<p>[\/et_pb_text][\/et_pb_column][\/et_pb_row][\/et_pb_section]<\/p>\n","protected":false},"excerpt":{"rendered":"<p>01. Kako funkcionira cjelodnevna \u0161kola?\u00a0 Sama nastava u cjelodnevnoj \u0161koli podijeljena je na \u010detiri dijela odnosno \u010detiri odgojno obrazovna programa. Prvi dio je takozvani A1 program odnosno program redovne nastave. Ba\u0161 kao i sada podijeljena je u predmete, s obvezama u\u010denika i nastavnika za pra\u0107enje usvojenih kurikuluma. Drugi dio je takozvani A2 program odnosno program [&hellip;]<\/p>\n","protected":false},"author":0,"featured_media":0,"parent":0,"menu_order":0,"comment_status":"closed","ping_status":"closed","template":"","meta":{"_et_pb_use_builder":"on","_et_pb_old_content":"","_et_gb_content_width":"","footnotes":""},"_links":{"self":[{"href":"https:\/\/os-dlermana-brestovac.skole.hr\/index.php?rest_route=\/wp\/v2\/pages\/146"}],"collection":[{"href":"https:\/\/os-dlermana-brestovac.skole.hr\/index.php?rest_route=\/wp\/v2\/pages"}],"about":[{"href":"https:\/\/os-dlermana-brestovac.skole.hr\/index.php?rest_route=\/wp\/v2\/types\/page"}],"replies":[{"embeddable":true,"href":"https:\/\/os-dlermana-brestovac.skole.hr\/index.php?rest_route=%2Fwp%2Fv2%2Fcomments&post=146"}],"version-history":[{"count":3,"href":"https:\/\/os-dlermana-brestovac.skole.hr\/index.php?rest_route=\/wp\/v2\/pages\/146\/revisions"}],"predecessor-version":[{"id":292846,"href":"https:\/\/os-dlermana-brestovac.skole.hr\/index.php?rest_route=\/wp\/v2\/pages\/146\/revisions\/292846"}],"wp:attachment":[{"href":"https:\/\/os-dlermana-brestovac.skole.hr\/index.php?rest_route=%2Fwp%2Fv2%2Fmedia&parent=146"}],"curies":[{"name":"wp","href":"https:\/\/api.w.org\/{rel}","templated":true}]}}