{"id":20,"date":"2023-07-28T22:02:44","date_gmt":"2023-07-28T20:02:44","guid":{"rendered":"https:\/\/os-dlermana-brestovac.skole.hr\/?page_id=20"},"modified":"2023-12-07T10:49:09","modified_gmt":"2023-12-07T09:49:09","slug":"o-skoli","status":"publish","type":"page","link":"https:\/\/os-dlermana-brestovac.skole.hr\/?page_id=20","title":{"rendered":"O \u0161koli"},"content":{"rendered":"<p>[et_pb_section fb_built=&#8221;1&#8243; admin_label=&#8221;Footer&#8221; _builder_version=&#8221;4.16&#8243; background_image=&#8221;https:\/\/os-dlermana-brestovac.skole.hr\/wp-content\/uploads\/sites\/774\/2023\/11\/jess-watters-483666-unsplash.jpg&#8221; parallax=&#8221;on&#8221; custom_margin=&#8221;|||&#8221; custom_padding=&#8221;|||&#8221; global_colors_info=&#8221;{}&#8221;][et_pb_row column_structure=&#8221;1_4,1_4,1_2&#8243; use_custom_gutter=&#8221;on&#8221; gutter_width=&#8221;2&#8243; make_equal=&#8221;on&#8221; _builder_version=&#8221;4.16&#8243; width=&#8221;89.6%&#8221; custom_margin=&#8221;|230px||auto||&#8221; custom_padding=&#8221;|||&#8221; animation_style=&#8221;fade&#8221; border_radii=&#8221;on|10px|10px|10px|10px&#8221; global_colors_info=&#8221;{}&#8221;][et_pb_column type=&#8221;1_4&#8243; _builder_version=&#8221;4.16&#8243; custom_padding=&#8221;|||&#8221; global_colors_info=&#8221;{}&#8221; custom_padding__hover=&#8221;|||&#8221;][et_pb_number_counter title=&#8221;U\u010denika&#8221; number=&#8221;204&#8243; percent_sign=&#8221;off&#8221; _builder_version=&#8221;4.22.1&#8243; title_font=&#8221;Rubik|700||on|||||&#8221; title_text_color=&#8221;#ffffff&#8221; title_font_size=&#8221;14px&#8221; title_letter_spacing=&#8221;5px&#8221; title_line_height=&#8221;1.5em&#8221; number_font=&#8221;Cabin Sketch|500|||||||&#8221; number_text_color=&#8221;#ffffff&#8221; number_font_size=&#8221;46px&#8221; number_line_height=&#8221;100px&#8221; background_color=&#8221;#2b76df&#8221; text_orientation=&#8221;left&#8221; background_layout=&#8221;dark&#8221; custom_padding=&#8221;50px|25px|15px|25px|false|true&#8221; border_radii=&#8221;on|10px|10px|10px|10px&#8221; global_colors_info=&#8221;{}&#8221;][\/et_pb_number_counter][et_pb_number_counter title=&#8221;podru\u010dne \u0161kole&#8221; number=&#8221;4&#8243; percent_sign=&#8221;off&#8221; _builder_version=&#8221;4.22.1&#8243; title_font=&#8221;Rubik|700||on|||||&#8221; title_text_color=&#8221;#ffffff&#8221; title_font_size=&#8221;14px&#8221; title_letter_spacing=&#8221;5px&#8221; title_line_height=&#8221;1.5em&#8221; number_font=&#8221;Cabin Sketch|500|||||||&#8221; number_text_color=&#8221;#ffffff&#8221; number_font_size=&#8221;46px&#8221; number_line_height=&#8221;100px&#8221; background_color=&#8221;#ff9c02&#8243; text_orientation=&#8221;left&#8221; background_layout=&#8221;dark&#8221; custom_margin=&#8221;30px|||&#8221; custom_margin_last_edited=&#8221;off|desktop&#8221; custom_padding=&#8221;50px|25px|15px|25px|false|true&#8221; border_radii=&#8221;on|10px|10px|10px|10px&#8221; global_colors_info=&#8221;{}&#8221;][\/et_pb_number_counter][\/et_pb_column][et_pb_column type=&#8221;1_4&#8243; _builder_version=&#8221;4.16&#8243; custom_padding=&#8221;|||&#8221; global_colors_info=&#8221;{}&#8221; custom_padding__hover=&#8221;|||&#8221;][et_pb_number_counter title=&#8221;djelatnika&#8221; number=&#8221;49&#8243; percent_sign=&#8221;off&#8221; _builder_version=&#8221;4.22.1&#8243; title_font=&#8221;Rubik|700||on|||||&#8221; title_text_color=&#8221;#ffffff&#8221; title_font_size=&#8221;14px&#8221; title_letter_spacing=&#8221;5px&#8221; title_line_height=&#8221;1.5em&#8221; number_font=&#8221;Cabin Sketch|500|||||||&#8221; number_text_color=&#8221;#ffffff&#8221; number_font_size=&#8221;46px&#8221; number_line_height=&#8221;100px&#8221; background_color=&#8221;#ff7355&#8243; text_orientation=&#8221;left&#8221; background_layout=&#8221;dark&#8221; custom_padding=&#8221;50px|25px|15px|25px|false|true&#8221; border_radii=&#8221;on|10px|10px|10px|10px&#8221; global_colors_info=&#8221;{}&#8221;][\/et_pb_number_counter][et_pb_number_counter title=&#8221;godina nastave u brestovcu &#8221; number=&#8221;95&#8243; percent_sign=&#8221;off&#8221; _builder_version=&#8221;4.22.1&#8243; title_font=&#8221;Rubik|700||on|||||&#8221; title_text_color=&#8221;#ffffff&#8221; title_font_size=&#8221;14px&#8221; title_letter_spacing=&#8221;5px&#8221; title_line_height=&#8221;1.5em&#8221; number_font=&#8221;Cabin Sketch|500|||||||&#8221; number_text_color=&#8221;#ffffff&#8221; number_font_size=&#8221;46px&#8221; number_line_height=&#8221;100px&#8221; background_color=&#8221;#74bc19&#8243; text_orientation=&#8221;left&#8221; background_layout=&#8221;dark&#8221; custom_margin=&#8221;30px|||&#8221; custom_padding=&#8221;50px|25px|15px|25px|false|true&#8221; border_radii=&#8221;on|10px|10px|10px|10px&#8221; global_colors_info=&#8221;{}&#8221;][\/et_pb_number_counter][\/et_pb_column][et_pb_column type=&#8221;1_2&#8243; _builder_version=&#8221;4.16&#8243; custom_padding=&#8221;|||&#8221; global_colors_info=&#8221;{}&#8221; custom_padding__hover=&#8221;|||&#8221;][et_pb_cta title=&#8221;O \u0161koli&#8221; button_url=&#8221;#top&#8221; _builder_version=&#8221;4.22.1&#8243; header_font=&#8221;Rubik|700|||||||&#8221; header_font_size=&#8221;40px&#8221; header_line_height=&#8221;1.4em&#8221; body_font=&#8221;Rubik||||||||&#8221; body_line_height=&#8221;2em&#8221; background_color=&#8221;#ffffff&#8221; text_orientation=&#8221;left&#8221; background_layout=&#8221;light&#8221; width=&#8221;100%&#8221; max_width_last_edited=&#8221;off|desktop&#8221; module_alignment=&#8221;right&#8221; custom_margin=&#8221;|||&#8221; custom_padding=&#8221;4px|38px|4px|41px|true|&#8221; header_font_size_tablet=&#8221;&#8221; header_font_size_phone=&#8221;30px&#8221; header_font_size_last_edited=&#8221;on|phone&#8221; body_line_height_last_edited=&#8221;off|desktop&#8221; border_radii=&#8221;on|10px|10px|10px|10px&#8221; button_text_color_hover=&#8221;#ffffff&#8221; button_border_radius_hover=&#8221;70px&#8221; button_bg_color_hover=&#8221;#9577ff&#8221; inline_fonts=&#8221;Aclonica&#8221; global_colors_info=&#8221;{}&#8221; button_text_size__hover_enabled=&#8221;off&#8221; button_one_text_size__hover_enabled=&#8221;off&#8221; button_two_text_size__hover_enabled=&#8221;off&#8221; button_text_color__hover_enabled=&#8221;on&#8221; button_text_color__hover=&#8221;#ffffff&#8221; button_one_text_color__hover_enabled=&#8221;off&#8221; button_two_text_color__hover_enabled=&#8221;off&#8221; button_border_width__hover_enabled=&#8221;off&#8221; button_one_border_width__hover_enabled=&#8221;off&#8221; button_two_border_width__hover_enabled=&#8221;off&#8221; button_border_color__hover_enabled=&#8221;off&#8221; button_one_border_color__hover_enabled=&#8221;off&#8221; button_two_border_color__hover_enabled=&#8221;off&#8221; button_border_radius__hover_enabled=&#8221;on&#8221; button_border_radius__hover=&#8221;70px&#8221; button_one_border_radius__hover_enabled=&#8221;off&#8221; button_two_border_radius__hover_enabled=&#8221;off&#8221; button_letter_spacing__hover_enabled=&#8221;off&#8221; button_one_letter_spacing__hover_enabled=&#8221;off&#8221; button_two_letter_spacing__hover_enabled=&#8221;off&#8221; button_bg_color__hover_enabled=&#8221;on&#8221; button_bg_color__hover=&#8221;#9577ff&#8221; button_one_bg_color__hover_enabled=&#8221;off&#8221; button_two_bg_color__hover_enabled=&#8221;off&#8221;]<\/p>\n<p style=\"text-align: justify\"><span style=\"font-size: 14px\">Osnovna \u0161kola Dragutina Lermana pokriva podru\u010dje ispod Psunja, Papuka i Bablje Gore i nalazi se u Po\u017ee\u0161ko-slavonskoj \u017eupaniji. To je podru\u010dje 55 sela i naselja u sastavu op\u0107ine Brestovac, te dijelom op\u0107ine Velika. U\u010denici dolaze iz 23 sela, a prijevoz je organiziran autobusima.<\/span><\/p>\n<p style=\"text-align: justify\"><strong><\/strong><\/p>\n<p style=\"text-align: justify\"><span>Mati\u010dna \u0161kola u Brestovcu nalazi se u centru mjesta uz \u017dupnu crkvu Sv. Martina i zgradu Op\u0107ine Brestovac. Ispred zgrade nove \u0161kole nalazi se kurija koja je povijesno mjesto pismenosti u Brestovcu, jer se u njoj davne 1928. po\u010deo odvijati oblik nastave kakav danas poznajemo. Posjed na kojem se nalazi stara \u0161kola ranije je pripadao barunu F. Trenku, te je kurija za\u0161ti\u0107ena kao spomeni\u010dka ba\u0161tina, a seljani su otkupili kuriju od tada\u0161njeg vlasnika Mije pl. Rajnera za potrebe \u0161kolovanja brestova\u010dkog kraja.\u00a0<\/span> <strong><\/strong><\/p>\n<p>[\/et_pb_cta][\/et_pb_column][\/et_pb_row][et_pb_row _builder_version=&#8221;4.22.1&#8243; custom_margin=&#8221;|39px|||false|false&#8221; global_colors_info=&#8221;{}&#8221;][et_pb_column type=&#8221;4_4&#8243; _builder_version=&#8221;4.16&#8243; custom_padding=&#8221;|||&#8221; global_colors_info=&#8221;{}&#8221; custom_padding__hover=&#8221;|||&#8221;][et_pb_text _builder_version=&#8221;4.16&#8243; text_font=&#8221;Rubik||||||||&#8221; text_line_height=&#8221;2em&#8221; header_font=&#8221;||||||||&#8221; header_2_font=&#8221;Rubik|700||on|||||&#8221; header_2_font_size=&#8221;12px&#8221; header_2_letter_spacing=&#8221;3px&#8221; header_2_line_height=&#8221;1.5em&#8221; header_5_font=&#8221;Rubik|700||on|||||&#8221; header_5_font_size=&#8221;12px&#8221; header_5_letter_spacing=&#8221;3px&#8221; header_5_line_height=&#8221;1.5em&#8221; max_width=&#8221;700px&#8221; module_alignment=&#8221;center&#8221; custom_margin=&#8221;50px|213px||180px|false|&#8221; custom_margin_tablet=&#8221;0px|||&#8221; custom_margin_last_edited=&#8221;off|desktop&#8221; custom_padding=&#8221;|7px||||&#8221; text_line_height_last_edited=&#8221;off|desktop&#8221; global_colors_info=&#8221;{}&#8221;]<\/p>\n<h5>NOVOST<\/h5>\n<p style=\"text-align: justify\">\n<p style=\"text-align: justify\"><span>\u0160kola je u \u0161kolskoj godini 2023.\/24. stupila u eksperimentalni program Cjelodnevne nastave<\/span><\/p>\n<p>&nbsp;<\/p>\n<p>[\/et_pb_text][\/et_pb_column][\/et_pb_row][\/et_pb_section]<\/p>\n","protected":false},"excerpt":{"rendered":"<p>Osnovna \u0161kola Dragutina Lermana pokriva podru\u010dje ispod Psunja, Papuka i Bablje Gore i nalazi se u Po\u017ee\u0161ko-slavonskoj \u017eupaniji. To je podru\u010dje 55 sela i naselja u sastavu op\u0107ine Brestovac, te dijelom op\u0107ine Velika. U\u010denici dolaze iz 23 sela, a prijevoz je organiziran autobusima. Mati\u010dna \u0161kola u Brestovcu nalazi se u centru mjesta uz \u017dupnu crkvu [&hellip;]<\/p>\n","protected":false},"author":0,"featured_media":0,"parent":0,"menu_order":0,"comment_status":"closed","ping_status":"closed","template":"","meta":{"_et_pb_use_builder":"on","_et_pb_old_content":"","_et_gb_content_width":"","footnotes":""},"_links":{"self":[{"href":"https:\/\/os-dlermana-brestovac.skole.hr\/index.php?rest_route=\/wp\/v2\/pages\/20"}],"collection":[{"href":"https:\/\/os-dlermana-brestovac.skole.hr\/index.php?rest_route=\/wp\/v2\/pages"}],"about":[{"href":"https:\/\/os-dlermana-brestovac.skole.hr\/index.php?rest_route=\/wp\/v2\/types\/page"}],"replies":[{"embeddable":true,"href":"https:\/\/os-dlermana-brestovac.skole.hr\/index.php?rest_route=%2Fwp%2Fv2%2Fcomments&post=20"}],"version-history":[{"count":3,"href":"https:\/\/os-dlermana-brestovac.skole.hr\/index.php?rest_route=\/wp\/v2\/pages\/20\/revisions"}],"predecessor-version":[{"id":292888,"href":"https:\/\/os-dlermana-brestovac.skole.hr\/index.php?rest_route=\/wp\/v2\/pages\/20\/revisions\/292888"}],"wp:attachment":[{"href":"https:\/\/os-dlermana-brestovac.skole.hr\/index.php?rest_route=%2Fwp%2Fv2%2Fmedia&parent=20"}],"curies":[{"name":"wp","href":"https:\/\/api.w.org\/{rel}","templated":true}]}}