{"id":294297,"date":"2024-08-26T10:53:53","date_gmt":"2024-08-26T08:53:53","guid":{"rendered":"https:\/\/os-dlermana-brestovac.skole.hr\/?page_id=294297"},"modified":"2024-08-26T10:53:54","modified_gmt":"2024-08-26T08:53:54","slug":"zastita-dostojanstva","status":"publish","type":"page","link":"https:\/\/os-dlermana-brestovac.skole.hr\/?page_id=294297","title":{"rendered":"Za\u0161tita dostojanstva"},"content":{"rendered":"<p>[et_pb_section fb_built=&#8221;1&#8243; admin_label=&#8221;About&#8221; _builder_version=&#8221;4.25.0&#8243; _module_preset=&#8221;default&#8221; background_color=&#8221;gcid-ee37f9db-558a-4c1e-93ad-2fb984fae1ac&#8221; collapsed=&#8221;on&#8221; global_colors_info=&#8221;{%22gcid-ee37f9db-558a-4c1e-93ad-2fb984fae1ac%22:%91%22background_color%22%93}&#8221; theme_builder_area=&#8221;post_content&#8221;][et_pb_row _builder_version=&#8221;4.20.0&#8243; _module_preset=&#8221;default&#8221; max_width=&#8221;800px&#8221; global_colors_info=&#8221;{}&#8221; theme_builder_area=&#8221;post_content&#8221;][et_pb_column type=&#8221;4_4&#8243; _builder_version=&#8221;4.20.0&#8243; _module_preset=&#8221;default&#8221; global_colors_info=&#8221;{}&#8221; theme_builder_area=&#8221;post_content&#8221;][et_pb_text _builder_version=&#8221;4.20.0&#8243; _module_preset=&#8221;7efe460d-d3b4-4b80-ad0b-5ff903e12c3f&#8221; text_orientation=&#8221;center&#8221; global_colors_info=&#8221;{}&#8221; theme_builder_area=&#8221;post_content&#8221;]<\/p>\n<h4><span style=\"font-size: xx-large\">Za\u0161tita dostojanstva radnika \u0161kole<\/span><\/h4>\n<p>[\/et_pb_text][\/et_pb_column][\/et_pb_row][\/et_pb_section][et_pb_section fb_built=&#8221;1&#8243; admin_label=&#8221;Features&#8221; _builder_version=&#8221;4.20.0&#8243; _module_preset=&#8221;default&#8221; collapsed=&#8221;on&#8221; global_colors_info=&#8221;{}&#8221; theme_builder_area=&#8221;post_content&#8221;][et_pb_row _builder_version=&#8221;4.25.0&#8243; _module_preset=&#8221;default&#8221; hover_enabled=&#8221;0&#8243; global_colors_info=&#8221;{}&#8221; theme_builder_area=&#8221;post_content&#8221; sticky_enabled=&#8221;0&#8243;][et_pb_column type=&#8221;4_4&#8243; _builder_version=&#8221;4.20.0&#8243; _module_preset=&#8221;default&#8221; global_colors_info=&#8221;{}&#8221; theme_builder_area=&#8221;post_content&#8221;][et_pb_blurb _builder_version=&#8221;4.25.0&#8243; _module_preset=&#8221;a651b5d5-196a-48ee-ac32-cbd4ed44de1e&#8221; hover_enabled=&#8221;0&#8243; locked=&#8221;off&#8221; global_colors_info=&#8221;{}&#8221; theme_builder_area=&#8221;post_content&#8221; sticky_enabled=&#8221;0&#8243; title_text=&#8221;online-classroom-5&#8243; use_icon=&#8221;on&#8221; font_icon=&#8221;&#xf0c0;||fa||900&#8243;]<\/p>\n<p><span>U osnovnoj \u0161koli Dragutina Lermana imenovana je osoba zadu\u017eena za za\u0161titu dostojanstva radnika \u2013 Antonija Fortunato Kova\u010d, u\u010diteljica engleskog jezika. Ona \u0107e uz ravnatelja Marka Bu\u0107ea primati i rje\u0161avati pritu\u017ebe vezane za za\u0161titu dostojanstva radnika.<\/span><\/p>\n<p>[\/et_pb_blurb][\/et_pb_column][\/et_pb_row][\/et_pb_section][et_pb_section fb_built=&#8221;1&#8243; _builder_version=&#8221;4.25.0&#8243; _module_preset=&#8221;default&#8221; custom_padding=&#8221;95px|||||&#8221; top_divider_style=&#8221;wave&#8221; top_divider_color=&#8221;rgba(255,233,30,0.69)&#8221; top_divider_height=&#8221;83px&#8221; top_divider_repeat=&#8221;1x&#8221; global_colors_info=&#8221;{}&#8221; theme_builder_area=&#8221;post_content&#8221;][et_pb_row _builder_version=&#8221;4.25.0&#8243; _module_preset=&#8221;default&#8221; min_height=&#8221;318.4px&#8221; global_colors_info=&#8221;{}&#8221; theme_builder_area=&#8221;post_content&#8221;][et_pb_column type=&#8221;4_4&#8243; _builder_version=&#8221;4.25.0&#8243; _module_preset=&#8221;default&#8221; global_colors_info=&#8221;{}&#8221; theme_builder_area=&#8221;post_content&#8221;][et_pb_code _builder_version=&#8221;4.25.0&#8243; _module_preset=&#8221;default&#8221; hover_enabled=&#8221;0&#8243; global_colors_info=&#8221;{}&#8221; theme_builder_area=&#8221;post_content&#8221; sticky_enabled=&#8221;0&#8243;]<div id=\"filebird-document-library\"><div class=\"njt-fbdl\" data-json=\"{&quot;request&quot;:{&quot;pagination&quot;:{&quot;current&quot;:1,&quot;limit&quot;:10},&quot;search&quot;:&quot;&quot;,&quot;orderBy&quot;:&quot;post_title&quot;,&quot;orderType&quot;:&quot;DESC&quot;,&quot;selectedFolder&quot;:[&quot;54&quot;],&quot;searchScope&quot;:&quot;narrow&quot;},&quot;layout&quot;:&quot;list&quot;,&quot;title&quot;:&quot;Dokumenti&quot;,&quot;column&quot;:4,&quot;structureDisplay&quot;:{&quot;breadcrumb&quot;:false,&quot;nestedFolders&quot;:false},&quot;displayColumn&quot;:{&quot;size&quot;:true,&quot;type&quot;:false,&quot;modified&quot;:false,&quot;download&quot;:true,&quot;created&quot;:false},&quot;itemFontSize&quot;:{&quot;grid&quot;:&quot;1rem&quot;,&quot;list&quot;:&quot;0.75rem&quot;},&quot;itemPadding&quot;:{&quot;grid&quot;:&quot;1.5rem&quot;,&quot;list&quot;:&quot;0.5rem&quot;},&quot;iconSize&quot;:{&quot;grid&quot;:&quot;3.5rem&quot;,&quot;list&quot;:&quot;1.5rem&quot;},&quot;linkTo&quot;:&quot;preview&quot;,&quot;switchGridOnMobile&quot;:false,&quot;popupPreview&quot;:{&quot;width&quot;:600,&quot;height&quot;:600},&quot;additionalContent&quot;:{&quot;caption&quot;:false,&quot;description&quot;:false},&quot;libraryType&quot;:&quot;single_folder&quot;,&quot;searchScope&quot;:&quot;narrow&quot;,&quot;displayEmptyPlaceholder&quot;:true}\"><\/div><\/div>[\/et_pb_code][\/et_pb_column][\/et_pb_row][\/et_pb_section]<\/p>\n","protected":false},"excerpt":{"rendered":"<p>Za\u0161tita dostojanstva radnika \u0161koleU osnovnoj \u0161koli Dragutina Lermana imenovana je osoba zadu\u017eena za za\u0161titu dostojanstva radnika \u2013 Antonija Fortunato Kova\u010d, u\u010diteljica engleskog jezika. Ona \u0107e uz ravnatelja Marka Bu\u0107ea primati i rje\u0161avati pritu\u017ebe vezane za za\u0161titu dostojanstva radnika.<div id=\"filebird-document-library\"><div class=\"njt-fbdl\" data-json=\"{&quot;request&quot;:{&quot;pagination&quot;:{&quot;current&quot;:1,&quot;limit&quot;:10},&quot;search&quot;:&quot;&quot;,&quot;orderBy&quot;:&quot;post_title&quot;,&quot;orderType&quot;:&quot;DESC&quot;,&quot;selectedFolder&quot;:[&quot;54&quot;],&quot;searchScope&quot;:&quot;narrow&quot;},&quot;layout&quot;:&quot;list&quot;,&quot;title&quot;:&quot;Dokumenti&quot;,&quot;column&quot;:4,&quot;structureDisplay&quot;:{&quot;breadcrumb&quot;:false,&quot;nestedFolders&quot;:false},&quot;displayColumn&quot;:{&quot;size&quot;:true,&quot;type&quot;:false,&quot;modified&quot;:false,&quot;download&quot;:true,&quot;created&quot;:false},&quot;itemFontSize&quot;:{&quot;grid&quot;:&quot;1rem&quot;,&quot;list&quot;:&quot;0.75rem&quot;},&quot;itemPadding&quot;:{&quot;grid&quot;:&quot;1.5rem&quot;,&quot;list&quot;:&quot;0.5rem&quot;},&quot;iconSize&quot;:{&quot;grid&quot;:&quot;3.5rem&quot;,&quot;list&quot;:&quot;1.5rem&quot;},&quot;linkTo&quot;:&quot;preview&quot;,&quot;switchGridOnMobile&quot;:false,&quot;popupPreview&quot;:{&quot;width&quot;:600,&quot;height&quot;:600},&quot;additionalContent&quot;:{&quot;caption&quot;:false,&quot;description&quot;:false},&quot;libraryType&quot;:&quot;single_folder&quot;,&quot;searchScope&quot;:&quot;narrow&quot;,&quot;displayEmptyPlaceholder&quot;:true}\"><\/div><\/div><\/p>\n","protected":false},"author":801,"featured_media":0,"parent":0,"menu_order":0,"comment_status":"closed","ping_status":"closed","template":"","meta":{"_et_pb_use_builder":"on","_et_pb_old_content":"","_et_gb_content_width":"","footnotes":""},"_links":{"self":[{"href":"https:\/\/os-dlermana-brestovac.skole.hr\/index.php?rest_route=\/wp\/v2\/pages\/294297"}],"collection":[{"href":"https:\/\/os-dlermana-brestovac.skole.hr\/index.php?rest_route=\/wp\/v2\/pages"}],"about":[{"href":"https:\/\/os-dlermana-brestovac.skole.hr\/index.php?rest_route=\/wp\/v2\/types\/page"}],"author":[{"embeddable":true,"href":"https:\/\/os-dlermana-brestovac.skole.hr\/index.php?rest_route=\/wp\/v2\/users\/801"}],"replies":[{"embeddable":true,"href":"https:\/\/os-dlermana-brestovac.skole.hr\/index.php?rest_route=%2Fwp%2Fv2%2Fcomments&post=294297"}],"version-history":[{"count":2,"href":"https:\/\/os-dlermana-brestovac.skole.hr\/index.php?rest_route=\/wp\/v2\/pages\/294297\/revisions"}],"predecessor-version":[{"id":294309,"href":"https:\/\/os-dlermana-brestovac.skole.hr\/index.php?rest_route=\/wp\/v2\/pages\/294297\/revisions\/294309"}],"wp:attachment":[{"href":"https:\/\/os-dlermana-brestovac.skole.hr\/index.php?rest_route=%2Fwp%2Fv2%2Fmedia&parent=294297"}],"curies":[{"name":"wp","href":"https:\/\/api.w.org\/{rel}","templated":true}]}}