{"id":296244,"date":"2025-02-10T12:37:20","date_gmt":"2025-02-10T11:37:20","guid":{"rendered":"https:\/\/os-dlermana-brestovac.skole.hr\/?page_id=296244"},"modified":"2026-02-05T08:24:04","modified_gmt":"2026-02-05T07:24:04","slug":"upisi-u-1-razred-2","status":"publish","type":"page","link":"https:\/\/os-dlermana-brestovac.skole.hr\/?page_id=296244","title":{"rendered":"Upisi u 1. razred"},"content":{"rendered":"<p>[et_pb_section fb_built=&#8221;1&#8243; prev_background_color=&#8221;rgba(0,0,0,0.08)&#8221; admin_label=&#8221;Header &amp; Contact&#8221; _builder_version=&#8221;4.25.0&#8243; _module_preset=&#8221;default&#8221; background_color=&#8221;gcid-ae2718f9-596d-4e4c-a089-a3606cb7bdc2&#8243; custom_padding=&#8221;23px||35px|||&#8221; top_divider_style=&#8221;mountains&#8221; top_divider_height=&#8221;66px&#8221; bottom_divider_height=&#8221;83px&#8221; bottom_divider_repeat=&#8221;2x&#8221; locked=&#8221;off&#8221; collapsed=&#8221;on&#8221; global_colors_info=&#8221;{%22gcid-ae2718f9-596d-4e4c-a089-a3606cb7bdc2%22:%91%22background_color%22%93}&#8221;][et_pb_row _builder_version=&#8221;4.25.0&#8243; _module_preset=&#8221;default&#8221; global_colors_info=&#8221;{}&#8221;][et_pb_column type=&#8221;4_4&#8243; _builder_version=&#8221;4.25.0&#8243; _module_preset=&#8221;default&#8221; global_colors_info=&#8221;{}&#8221;][et_pb_text _builder_version=&#8221;4.25.0&#8243; _module_preset=&#8221;default&#8221; global_colors_info=&#8221;%91%93&#8243;]<\/p>\n<p style=\"text-align: left\"><span style=\"text-decoration: underline;color: #ff0000\"><strong><\/strong><\/span><\/p>\n<p style=\"text-align: left\"><span style=\"text-decoration: underline;color: #ff0000\"><strong>E-UPISI U PRVI RAZRED OSNOVNE \u0160KOLE<\/strong><\/span><\/p>\n<p>[\/et_pb_text][et_pb_image src=&#8221;https:\/\/os-dlermana-brestovac.skole.hr\/wp-content\/uploads\/sites\/774\/2026\/01\/upisi-1.-razred.jpg&#8221; title_text=&#8221;upisi 1. razred&#8221; _builder_version=&#8221;4.25.0&#8243; _module_preset=&#8221;default&#8221; global_colors_info=&#8221;{}&#8221;][\/et_pb_image][et_pb_text _builder_version=&#8221;4.25.0&#8243; _module_preset=&#8221;default&#8221; custom_margin=&#8221;||2px|||&#8221; custom_padding=&#8221;21px|||||&#8221; hover_enabled=&#8221;0&#8243; global_colors_info=&#8221;%91%93&#8243; sticky_enabled=&#8221;0&#8243;]<\/p>\n<p><span style=\"text-decoration: underline\"><strong>Dokumenti:<\/strong><\/span><\/p>\n<p><a href=\"https:\/\/os-dlermana-brestovac.skole.hr\/wp-content\/uploads\/sites\/774\/2026\/02\/OBAVIJEST-RODITELJIMA-PREDSKOLACA-ZA-SK.-G.-2026.-2027.pdf\"><span>Obavijest roditeljima pred\u0161kolaca<\/span><\/a><\/p>\n<p><a href=\"https:\/\/os-dlermana-brestovac.skole.hr\/wp-content\/uploads\/sites\/774\/2026\/01\/PLAN-UPISA-U-1.-RAZRED-OSNOVNE-SKOLE-U-SK.-G.-2026.-2027.pdf\">Plan upisa_2026. &#8211; dopis<\/a><\/p>\n<p>&nbsp;<\/p>\n<p><strong><\/strong><\/p>\n<p><strong>Upisi u prvi razred osnovne \u0161kole<\/strong>\u00a0i ove \u0107e se godine provoditi\u00a0<strong>elektronskim putem<\/strong>, kori\u0161tenjem Nacionalnog informacijskog sustava upisa u osnovne \u0161kole.<\/p>\n<p>Prijave za redovan upis u 1. razred osnovne \u0161kole putem Nacionalnog informacijskog sustava\u00a0<span>\u00a0<\/span><a href=\"https:\/\/osnovne.e-upisi.hr\/\">https:\/\/osnovne.e-upisi.hr<\/a><strong><\/strong><\/p>\n<p>U sustavu \u0107e roditeljima biti vidljivi op\u0107i podaci o djetetu te \u0161kola na \u010dijoj se listi \u0161kolskih obveznika nalazi prema mjestu prebivali\u0161ta, odnosno prijavljenog boravi\u0161ta. Odmah po podno\u0161enju prijave roditelji \u0107e mo\u0107i odabrati mogu\u0107nosti koje im se nude u dodijeljenoj \u0161koli kao \u0161to su strani jezik, izborni predmeti, produ\u017eeni boravak i sli\u010dno.<\/p>\n<p>S obzirom na to da se u sustav za elektroni\u010dke upise u osnovne \u0161kole ulazi preko portala e-Gra\u0111ani, roditelji koji nemaju vjerodajnice za ulazak u portal moraju se javiti \u0161koli kojoj pripadaju prema upisnom podru\u010dju, koja \u0107e prijavu za upis njihovog djeteta izvr\u0161iti umjesto njih.<\/p>\n<p>Za sve ostale informacije, termine testiranja u \u0161koli, lije\u010dni\u010dkih pregleda i laboratorijskih pretraga potrebno je pratiti mre\u017ene stranice \u0161kole kojoj dijete pripada prema upisnom podru\u010dju ili telefonski kontaktirati pedagoga \u0160kole.<\/p>\n<p>&nbsp;<\/p>\n<p>&nbsp;<\/p>\n<p>[\/et_pb_text][\/et_pb_column][\/et_pb_row][\/et_pb_section]<\/p>\n","protected":false},"excerpt":{"rendered":"<p>E-UPISI U PRVI RAZRED OSNOVNE \u0160KOLEDokumenti: Obavijest roditeljima pred\u0161kolaca Plan upisa_2026. &#8211; dopis &nbsp; Upisi u prvi razred osnovne \u0161kole\u00a0i ove \u0107e se godine provoditi\u00a0elektronskim putem, kori\u0161tenjem Nacionalnog informacijskog sustava upisa u osnovne \u0161kole. Prijave za redovan upis u 1. razred osnovne \u0161kole putem Nacionalnog informacijskog sustava\u00a0\u00a0https:\/\/osnovne.e-upisi.hr U sustavu \u0107e roditeljima biti vidljivi op\u0107i podaci [&hellip;]<\/p>\n","protected":false},"author":801,"featured_media":0,"parent":0,"menu_order":0,"comment_status":"closed","ping_status":"closed","template":"","meta":{"_et_pb_use_builder":"on","_et_pb_old_content":"","_et_gb_content_width":"","footnotes":""},"_links":{"self":[{"href":"https:\/\/os-dlermana-brestovac.skole.hr\/index.php?rest_route=\/wp\/v2\/pages\/296244"}],"collection":[{"href":"https:\/\/os-dlermana-brestovac.skole.hr\/index.php?rest_route=\/wp\/v2\/pages"}],"about":[{"href":"https:\/\/os-dlermana-brestovac.skole.hr\/index.php?rest_route=\/wp\/v2\/types\/page"}],"author":[{"embeddable":true,"href":"https:\/\/os-dlermana-brestovac.skole.hr\/index.php?rest_route=\/wp\/v2\/users\/801"}],"replies":[{"embeddable":true,"href":"https:\/\/os-dlermana-brestovac.skole.hr\/index.php?rest_route=%2Fwp%2Fv2%2Fcomments&post=296244"}],"version-history":[{"count":5,"href":"https:\/\/os-dlermana-brestovac.skole.hr\/index.php?rest_route=\/wp\/v2\/pages\/296244\/revisions"}],"predecessor-version":[{"id":297309,"href":"https:\/\/os-dlermana-brestovac.skole.hr\/index.php?rest_route=\/wp\/v2\/pages\/296244\/revisions\/297309"}],"wp:attachment":[{"href":"https:\/\/os-dlermana-brestovac.skole.hr\/index.php?rest_route=%2Fwp%2Fv2%2Fmedia&parent=296244"}],"curies":[{"name":"wp","href":"https:\/\/api.w.org\/{rel}","templated":true}]}}