{"id":32,"date":"2023-07-28T22:04:07","date_gmt":"2023-07-28T20:04:07","guid":{"rendered":"https:\/\/os-dlermana-brestovac.skole.hr\/?page_id=32"},"modified":"2024-01-11T10:17:34","modified_gmt":"2024-01-11T09:17:34","slug":"podrucne-skole","status":"publish","type":"page","link":"https:\/\/os-dlermana-brestovac.skole.hr\/?page_id=32","title":{"rendered":"Podru\u010dne \u0161kole"},"content":{"rendered":"<p>[et_pb_section fb_built=&#8221;1&#8243; fullwidth=&#8221;on&#8221; admin_label=&#8221;Hero&#8221; _builder_version=&#8221;4.16&#8243; background_image=&#8221;https:\/\/os-dlermana-brestovac.skole.hr\/wp-content\/uploads\/sites\/774\/2023\/11\/hdgdgh.jpg&#8221; parallax=&#8221;on&#8221; top_divider_style=&#8221;clouds2&#8243; top_divider_color=&#8221;rgba(255,255,255,0.3)&#8221; top_divider_height=&#8221;100%&#8221; bottom_divider_height=&#8221;30px&#8221; global_colors_info=&#8221;{}&#8221; theme_builder_area=&#8221;post_content&#8221;][et_pb_fullwidth_header subhead=&#8221;Podru\u010dne \u0161kole&#8221; text_orientation=&#8221;center&#8221; _builder_version=&#8221;4.23.1&#8243; title_level=&#8221;h2&#8243; title_font=&#8221;Rubik|700||on|||||&#8221; title_text_color=&#8221;#ff7355&#8243; title_font_size=&#8221;16px&#8221; title_letter_spacing=&#8221;5px&#8221; title_line_height=&#8221;2em&#8221; content_font=&#8221;Rubik||||||||&#8221; content_font_size=&#8221;18px&#8221; content_line_height=&#8221;2em&#8221; subhead_font=&#8221;Rubik|700|||||||&#8221; subhead_text_color=&#8221;rgba(0,0,0,0.8)&#8221; subhead_font_size=&#8221;50px&#8221; subhead_line_height=&#8221;1.4em&#8221; background_color=&#8221;rgba(255,255,255,0)&#8221; use_background_color_gradient=&#8221;on&#8221; background_color_gradient_stops=&#8221;rgba(255,255,255,0.7) 0%|#ffffff 100%&#8221; background_color_gradient_start=&#8221;rgba(255,255,255,0.7)&#8221; background_color_gradient_end=&#8221;#ffffff&#8221; background_size=&#8221;contain&#8221; background_position=&#8221;bottom_center&#8221; custom_button_one=&#8221;on&#8221; button_one_text_size=&#8221;16px&#8221; button_one_text_color=&#8221;#ffffff&#8221; button_one_bg_color=&#8221;#ff7355&#8243; button_one_border_width=&#8221;15px&#8221; button_one_border_color=&#8221;rgba(210,159,104,0)&#8221; button_one_border_radius=&#8221;100px&#8221; button_one_letter_spacing=&#8221;0px&#8221; button_one_font=&#8221;Rubik|700|||||||&#8221; button_one_use_icon=&#8221;off&#8221; custom_button_two=&#8221;on&#8221; button_two_text_size=&#8221;16px&#8221; button_two_text_color=&#8221;#ffffff&#8221; button_two_bg_color=&#8221;rgba(0,0,0,0.6)&#8221; button_two_border_width=&#8221;15px&#8221; button_two_border_color=&#8221;rgba(210,159,104,0)&#8221; button_two_border_radius=&#8221;100px&#8221; button_two_letter_spacing=&#8221;0px&#8221; button_two_font=&#8221;Rubik|700|||||||&#8221; button_two_use_icon=&#8221;off&#8221; background_layout=&#8221;light&#8221; custom_margin=&#8221;|||&#8221; custom_padding=&#8221;1vw||0vw|||&#8221; animation_style=&#8221;slide&#8221; animation_direction=&#8221;bottom&#8221; animation_intensity_slide=&#8221;1%&#8221; subhead_font_size_tablet=&#8221;&#8221; subhead_font_size_phone=&#8221;30px&#8221; subhead_font_size_last_edited=&#8221;on|phone&#8221; button_one_border_radius_hover=&#8221;100px&#8221; button_two_border_radius_hover=&#8221;100px&#8221; button_one_bg_color_hover=&#8221;#ff8a70&#8243; button_two_bg_color_hover=&#8221;#ff8a70&#8243; global_colors_info=&#8221;{}&#8221; button_one_text_size__hover_enabled=&#8221;off&#8221; button_two_text_size__hover_enabled=&#8221;off&#8221; button_one_text_color__hover_enabled=&#8221;off&#8221; button_two_text_color__hover_enabled=&#8221;off&#8221; button_one_border_width__hover_enabled=&#8221;off&#8221; button_two_border_width__hover_enabled=&#8221;off&#8221; button_one_border_color__hover_enabled=&#8221;off&#8221; button_two_border_color__hover_enabled=&#8221;off&#8221; button_one_border_radius__hover_enabled=&#8221;on&#8221; button_one_border_radius__hover=&#8221;100px&#8221; button_two_border_radius__hover_enabled=&#8221;on&#8221; button_two_border_radius__hover=&#8221;100px&#8221; button_one_letter_spacing__hover_enabled=&#8221;off&#8221; button_two_letter_spacing__hover_enabled=&#8221;off&#8221; button_one_bg_color__hover_enabled=&#8221;on&#8221; button_one_bg_color__hover=&#8221;#ff8a70&#8243; button_two_bg_color__hover_enabled=&#8221;on&#8221; button_two_bg_color__hover=&#8221;#ff8a70&#8243; theme_builder_area=&#8221;post_content&#8221;][\/et_pb_fullwidth_header][\/et_pb_section][et_pb_section fb_built=&#8221;1&#8243; admin_label=&#8221;Admissions&#8221; _builder_version=&#8221;4.16&#8243; use_background_color_gradient=&#8221;on&#8221; background_color_gradient_stops=&#8221;#ffffff 0%|#e3e3e8 100%&#8221; background_color_gradient_start=&#8221;#ffffff&#8221; background_color_gradient_end=&#8221;#e3e3e8&#8243; background_image=&#8221;https:\/\/os-dlermana-brestovac.skole.hr\/wp-content\/uploads\/sites\/774\/2023\/11\/shapes-bg-1.png&#8221; parallax=&#8221;on&#8221; custom_padding=&#8221;12px|||||&#8221; global_colors_info=&#8221;{}&#8221; theme_builder_area=&#8221;post_content&#8221;][et_pb_row _builder_version=&#8221;4.23.1&#8243; _module_preset=&#8221;default&#8221; global_colors_info=&#8221;{}&#8221; theme_builder_area=&#8221;post_content&#8221;][et_pb_column type=&#8221;4_4&#8243; _builder_version=&#8221;4.23.1&#8243; _module_preset=&#8221;default&#8221; global_colors_info=&#8221;{}&#8221; theme_builder_area=&#8221;post_content&#8221;][et_pb_text _builder_version=&#8221;4.23.1&#8243; _module_preset=&#8221;default&#8221; global_colors_info=&#8221;{}&#8221; theme_builder_area=&#8221;post_content&#8221;]<\/p>\n<h3><span style=\"color: #0000ff\"><strong>Podru\u010dna \u0161kola Pavlovci<\/strong><\/span><\/h3>\n<p><span><\/span><\/p>\n<p style=\"text-align: justify\"><span>Podru\u010dnu \u0161kolu u Pavlovcima poha\u0111a ukupno 15\u00a0u\u010denika od prvog do \u010detvrtog razreda. Kombinaciju prvog\u00a0i \u010detvrtog\u00a0razreda vodi u\u010diteljica Antonija Bla\u017ei\u010devi\u0107, a razred broji 7\u00a0u\u010denika. Kombinaciju drugog\u00a0i tre\u0107eg\u00a0razreda vodi u\u010ditelj Petar Be\u0161li\u0107, a razred broji 8\u00a0u\u010denika. U\u010denici organizirano u\u010de engleski jezik koji predaje u\u010diteljica Antonija Fortunato-Kova\u010d.<\/span><\/p>\n<p style=\"text-align: justify\"><span>\u0160kolski prostor u podru\u010dnoj \u0161koli Pavlovci \u010dine dvije u\u010dionice, mala \u010dajna kuhinja i ostali prate\u0107i prostor. Ispred \u0161kole nalazi se igrali\u0161te na kojemu se izvodi nastava tjelesne i zdravstvene kulture.<\/span><\/p>\n<p style=\"text-align: justify\"><span>Uz redovne nastavne predmete razredne nastave, u\u010denici od prvog razreda u\u010de informatiku koju predaje u\u010ditelj Dino Bla\u017eevi\u0107, a u \u010detvrtom razredu u\u010denici imaju mogu\u0107nost poha\u0111anja izbornog nastavnog predmeta njema\u010dkog jezika koji predaje u\u010diteljica\u00a0Matea Buljan Bogdanovi\u0107. Osim njema\u010dkog jezika, izborni predmet je i vjeronauk koji vodi vjerou\u010ditelj i sve\u0107enik Mijo Lasovi\u0107.<\/span><\/p>\n<p style=\"text-align: justify\"><span>Svake godine u \u0161koli se obilje\u017eavaju razli\u010diti doga\u0111aji kao \u0161to su Dani kruha, Kestenijada, Sveti Nikola, Bo\u017ei\u0107, Ma\u0161kare, Valentinovo, Uskrs, Maj\u010din dan, Dan \u0161kole i druge.<\/span><\/p>\n<p style=\"text-align: justify\"><span>U obilje\u017eavanju ovih doga\u0111aja uvelike poma\u017eu dramsko &#8211; recitatorska skupina.\u00a0<\/span><\/p>\n<p style=\"text-align: justify\"><span>Dramsko &#8211; recitatorska skupina okuplja u\u010denike koji kroz dramsku igru i razli\u010dite dramske vje\u017ebe razvijaju kreativnost, slobodno izra\u017eavanje i estetski senzibilitet. U\u010denici zajedno s u\u010diteljicom Antonijom Bla\u017ei\u010devi\u0107 sudjeluju i u izboru tekstova i sadr\u017eaja koji \u0107e se izvoditi te u osmi\u0161ljavanju scenografije i kostima. Svojim igrokazima i recitacijama redovito uveseljavaju svoje vr\u0161njake na \u0161kolskim priredbama.<\/span><\/p>\n<p style=\"text-align: justify\">\n<p>[\/et_pb_text][et_pb_text _builder_version=&#8221;4.23.1&#8243; _module_preset=&#8221;default&#8221; hover_enabled=&#8221;0&#8243; locked=&#8221;off&#8221; global_colors_info=&#8221;{}&#8221; theme_builder_area=&#8221;post_content&#8221; sticky_enabled=&#8221;0&#8243;]<\/p>\n<h3><span style=\"color: #ff0000\"><strong>Podru\u010dna \u0161kola Skenderovci<\/strong><\/span><\/h3>\n<p>&nbsp;<\/p>\n<p><span>Podru\u010dna \u0161kola Skenderovci nalazi se u centru Skenderovaca, nasuprot\u00a0crkve.<\/span><\/p>\n<p><span>U njoj nastavu poha\u0111aju u\u010denici od prvog do \u010detvrtog razreda, nakon \u010dega obrazovanje nastavljaju u mati\u010dnoj \u0161koli u Brestovcu.<\/span><\/p>\n<p><span><strong>Nastava<\/strong>\u00a0se izvodi u jednoj\u00a0smjeni, jer je \u0161kola obnovljena.\u00a0Nekoliko u\u010denika u \u0161kolu putuje autobusom.<\/span><span>\u00a0<\/span><span>\u0160kolu poha\u0111a 14<strong>\u00a0<\/strong>u\u010denika.<\/span><\/p>\n<p><span>U\u010ditelj <strong>Ivan Kri\u0161tofek<\/strong>\u00a0predaje u prvom i drugom razredu (ukupno 8\u00a0u\u010denika).<\/span><\/p>\n<p><span>U\u010ditelj\u00a0<strong>Ivan Jakovljevi\u0107<\/strong>\u00a0predaje u tre\u0107em i \u010detvrtom razredu (ukupno 6\u00a0u\u010denika).<\/span><\/p>\n<p><span>Uz redovite predmete (HJ, M, PID, LK, GK, TZK, SR, EJ) u\u010denici imaju i tri\u00a0izborna predmeta, vjeronauk, informatiku i njema\u010dki jezik.<\/span><\/p>\n<p><span><em>Vjeronauk<\/em>\u00a0predaje\u00a0\u017eupnik vl\u010d. Mijo Lasovi\u0107, dok\u00a0<em>njema\u010dki jezik<\/em>\u00a0poha\u0111aju samo u\u010denici \u010detvrtog razreda, a predaje ga u\u010diteljica Matea Buljan Bogdanovi\u0107.\u00a0<\/span><\/p>\n<p><span><em>Dopunska nastava<\/em>\u00a0odra\u0111uje se s potrebitim u\u010denicima i to iz hrvatskog jezika i matematike.<\/span><\/p>\n<p><span><em>Dodatna nastava<\/em>\u00a0matematike se odra\u0111uje s naprednijim u\u010denicima.<\/span><\/p>\n<p><span><u>Izvannastavne aktivnosti su:<\/u><\/span><\/p>\n<p><span><em><u>Dramsko-recitatorska skupina<\/u><\/em>\u00a0\u2013 voditelj u\u010ditelj\u00a0<span>\u00a0<\/span><span>Ivan Jakovljevi\u0107<\/span><\/span><\/p>\n<p><span>\u00a0\u00a0\u00a0\u00a0\u00a0\u00a0\u00a0\u00a0\u00a0\u00a0\u00a0U\u010denici u\u010de izra\u017eajno \u010ditati i recitirati, kao i glumiti u igrokazima. Nastupaju u svim prigodama (Dani kruha, Sveti Nikola, Bo\u017ei\u0107na priredba, Valentinovo, Uskrsna priredba, Maj\u010din dan, Dan \u0161kole, posebne prigode \u2013 posjet biskupa\u2026). Nastupi se odr\u017eavaju u u\u010dionici, u crkvi i u mati\u010dnoj \u0161koli.<\/span><\/p>\n<p><span>O urednosti i \u010disto\u0107i na\u0161e \u0161kole i njenog okoli\u0161a brine na\u0161a vrijedna sprema\u010dica g\u0111a\u00a0<strong>Ankica Boji\u0107<\/strong>.<\/span><\/p>\n<p>[\/et_pb_text][et_pb_text _builder_version=&#8221;4.23.1&#8243; _module_preset=&#8221;default&#8221; locked=&#8221;off&#8221; global_colors_info=&#8221;{}&#8221; theme_builder_area=&#8221;post_content&#8221;]<\/p>\n<h3><span style=\"color: #00ff00\"><strong>Podru\u010dna \u0161kola Ivandol<\/strong><\/span><\/h3>\n<p>&nbsp;<\/p>\n<p style=\"text-align: justify\"><span>Podru\u010dna \u0161kola broji ukupno 2\u00a0u\u010denika. Nastava se odvija u jednoj smjeni, a tre\u0107i\u00a0razred vodi u\u010diteljica Sun\u010dica Bauer \u0110ur\u010devi\u0107. U\u010denici poha\u0111aju nastavu ranog u\u010denja engleskog jezika<span>, koji predaje u\u010diteljica Andrijana Butja Marinovi\u0107.<\/span><\/span><\/p>\n<p style=\"text-align: justify\"><span>Osim obveznih predmeta u\u010denici poha\u0111aju i izborne predmete. Vjeronauk\u00a0predaje vjerou\u010ditelj Ivica Rajkova\u010da, a informatiku\u00a0u\u010ditelj\u00a0Dino Bla\u017eevi\u0107. Njema\u010dki jezik u\u010denicima \u010detvrtog razreda predaje u\u010diteljica Matea Buljan Bogdanovi\u0107.<\/span><span>\u00a0 \u00a0<\/span><\/p>\n<p style=\"text-align: justify\"><span>Brigu o urednosti i \u010disto\u0107i \u0161kole vodi\u00a0sprema\u010dica Ankica Tomi\u0107.<\/span><\/p>\n<p>[\/et_pb_text][et_pb_text _builder_version=&#8221;4.23.1&#8243; _module_preset=&#8221;default&#8221; locked=&#8221;off&#8221; global_colors_info=&#8221;{}&#8221; theme_builder_area=&#8221;post_content&#8221;][\/et_pb_text][et_pb_text _builder_version=&#8221;4.23.1&#8243; _module_preset=&#8221;default&#8221; locked=&#8221;off&#8221; global_colors_info=&#8221;{}&#8221; theme_builder_area=&#8221;post_content&#8221;][\/et_pb_text][\/et_pb_column][\/et_pb_row][\/et_pb_section]<\/p>\n","protected":false},"excerpt":{"rendered":"<p>Podru\u010dna \u0161kola Pavlovci Podru\u010dnu \u0161kolu u Pavlovcima poha\u0111a ukupno 15\u00a0u\u010denika od prvog do \u010detvrtog razreda. Kombinaciju prvog\u00a0i \u010detvrtog\u00a0razreda vodi u\u010diteljica Antonija Bla\u017ei\u010devi\u0107, a razred broji 7\u00a0u\u010denika. Kombinaciju drugog\u00a0i tre\u0107eg\u00a0razreda vodi u\u010ditelj Petar Be\u0161li\u0107, a razred broji 8\u00a0u\u010denika. U\u010denici organizirano u\u010de engleski jezik koji predaje u\u010diteljica Antonija Fortunato-Kova\u010d. \u0160kolski prostor u podru\u010dnoj \u0161koli Pavlovci \u010dine dvije [&hellip;]<\/p>\n","protected":false},"author":0,"featured_media":0,"parent":0,"menu_order":0,"comment_status":"closed","ping_status":"closed","template":"","meta":{"_et_pb_use_builder":"on","_et_pb_old_content":"","_et_gb_content_width":"","footnotes":""},"_links":{"self":[{"href":"https:\/\/os-dlermana-brestovac.skole.hr\/index.php?rest_route=\/wp\/v2\/pages\/32"}],"collection":[{"href":"https:\/\/os-dlermana-brestovac.skole.hr\/index.php?rest_route=\/wp\/v2\/pages"}],"about":[{"href":"https:\/\/os-dlermana-brestovac.skole.hr\/index.php?rest_route=\/wp\/v2\/types\/page"}],"replies":[{"embeddable":true,"href":"https:\/\/os-dlermana-brestovac.skole.hr\/index.php?rest_route=%2Fwp%2Fv2%2Fcomments&post=32"}],"version-history":[{"count":3,"href":"https:\/\/os-dlermana-brestovac.skole.hr\/index.php?rest_route=\/wp\/v2\/pages\/32\/revisions"}],"predecessor-version":[{"id":293398,"href":"https:\/\/os-dlermana-brestovac.skole.hr\/index.php?rest_route=\/wp\/v2\/pages\/32\/revisions\/293398"}],"wp:attachment":[{"href":"https:\/\/os-dlermana-brestovac.skole.hr\/index.php?rest_route=%2Fwp%2Fv2%2Fmedia&parent=32"}],"curies":[{"name":"wp","href":"https:\/\/api.w.org\/{rel}","templated":true}]}}