{"id":38,"date":"2023-07-28T22:04:21","date_gmt":"2023-07-28T20:04:21","guid":{"rendered":"https:\/\/os-dlermana-brestovac.skole.hr\/?page_id=38"},"modified":"2023-11-23T11:05:59","modified_gmt":"2023-11-23T10:05:59","slug":"kucni-red","status":"publish","type":"page","link":"https:\/\/os-dlermana-brestovac.skole.hr\/?page_id=38","title":{"rendered":"Ku\u0107ni red"},"content":{"rendered":"<p>[et_pb_section fb_built=&#8221;1&#8243; _builder_version=&#8221;4.22.0&#8243; _module_preset=&#8221;default&#8221; custom_padding=&#8221;0px|||||&#8221; global_colors_info=&#8221;{}&#8221;][et_pb_row _builder_version=&#8221;4.22.0&#8243; _module_preset=&#8221;default&#8221; global_colors_info=&#8221;{}&#8221;][et_pb_column type=&#8221;4_4&#8243; _builder_version=&#8221;4.22.0&#8243; _module_preset=&#8221;default&#8221; global_colors_info=&#8221;{}&#8221;][et_pb_toggle title=&#8221;Ku\u0107ni red&#8221; open=&#8221;on&#8221; open_toggle_text_color=&#8221;#0C71C3&#8243; _builder_version=&#8221;4.23.1&#8243; _module_preset=&#8221;default&#8221; title_text_color=&#8221;#0C71C3&#8243; title_level=&#8221;h4&#8243; title_font=&#8221;|600|||||||&#8221; global_colors_info=&#8221;{}&#8221;]<\/p>\n<p>Temeljem \u010dlanka 26., 43. i 181. Statuta O\u0160 Dragutina Lermana, Brestovac, a nakon odr\u017eane rasprave na sjednici U\u010diteljskog vije\u0107a od _24. o\u017eujka__ 2015., Vije\u0107a roditelja od _15 travnja__ 2015. g. i Vije\u0107a u\u010denika od 15. travnja 2015.g,, \u0160kolski odbor na svojoj 21. sjednici odr\u017eanoj dana 14. svibnja 2015. godine donio je pravilnik o ku\u0107nom redu.<\/p>\n<p>[\/et_pb_toggle][et_pb_text _builder_version=&#8221;4.23.1&#8243; _module_preset=&#8221;default&#8221; custom_margin=&#8221;||40px|||&#8221; custom_padding=&#8221;||17px|||&#8221; global_colors_info=&#8221;{}&#8221;]<\/p>\n<p>Popis dokumenata:<\/p>\n<p><a href=\"https:\/\/os-dlermana-brestovac.skole.hr\/wp-content\/uploads\/sites\/774\/2023\/11\/Pravilnik_o_kucnom_redu.docx\">Ku\u0107ni red.docx<\/a><\/p>\n<p>&nbsp;<\/p>\n<p>[\/et_pb_text][\/et_pb_column][\/et_pb_row][\/et_pb_section]<\/p>\n","protected":false},"excerpt":{"rendered":"<p>Temeljem \u010dlanka 26., 43. i 181. Statuta O\u0160 Dragutina Lermana, Brestovac, a nakon odr\u017eane rasprave na sjednici U\u010diteljskog vije\u0107a od _24. o\u017eujka__ 2015., Vije\u0107a roditelja od _15 travnja__ 2015. g. i Vije\u0107a u\u010denika od 15. travnja 2015.g,, \u0160kolski odbor na svojoj 21. sjednici odr\u017eanoj dana 14. svibnja 2015. godine donio je pravilnik o ku\u0107nom redu.Popis [&hellip;]<\/p>\n","protected":false},"author":0,"featured_media":0,"parent":0,"menu_order":0,"comment_status":"closed","ping_status":"closed","template":"","meta":{"_et_pb_use_builder":"on","_et_pb_old_content":"","_et_gb_content_width":"","footnotes":""},"_links":{"self":[{"href":"https:\/\/os-dlermana-brestovac.skole.hr\/index.php?rest_route=\/wp\/v2\/pages\/38"}],"collection":[{"href":"https:\/\/os-dlermana-brestovac.skole.hr\/index.php?rest_route=\/wp\/v2\/pages"}],"about":[{"href":"https:\/\/os-dlermana-brestovac.skole.hr\/index.php?rest_route=\/wp\/v2\/types\/page"}],"replies":[{"embeddable":true,"href":"https:\/\/os-dlermana-brestovac.skole.hr\/index.php?rest_route=%2Fwp%2Fv2%2Fcomments&post=38"}],"version-history":[{"count":2,"href":"https:\/\/os-dlermana-brestovac.skole.hr\/index.php?rest_route=\/wp\/v2\/pages\/38\/revisions"}],"predecessor-version":[{"id":292864,"href":"https:\/\/os-dlermana-brestovac.skole.hr\/index.php?rest_route=\/wp\/v2\/pages\/38\/revisions\/292864"}],"wp:attachment":[{"href":"https:\/\/os-dlermana-brestovac.skole.hr\/index.php?rest_route=%2Fwp%2Fv2%2Fmedia&parent=38"}],"curies":[{"name":"wp","href":"https:\/\/api.w.org\/{rel}","templated":true}]}}