{"id":50,"date":"2023-07-28T22:06:00","date_gmt":"2023-07-28T20:06:00","guid":{"rendered":"https:\/\/os-dlermana-brestovac.skole.hr\/?page_id=50"},"modified":"2024-02-14T13:58:20","modified_gmt":"2024-02-14T12:58:20","slug":"vijece-ucitelja","status":"publish","type":"page","link":"https:\/\/os-dlermana-brestovac.skole.hr\/?page_id=50","title":{"rendered":"Vije\u0107e u\u010ditelja"},"content":{"rendered":"<p>[et_pb_section fb_built=&#8221;1&#8243; _builder_version=&#8221;4.23.1&#8243; _module_preset=&#8221;default&#8221; global_colors_info=&#8221;{}&#8221;][et_pb_row _builder_version=&#8221;4.23.1&#8243; _module_preset=&#8221;default&#8221; min_height=&#8221;116.6px&#8221; global_colors_info=&#8221;{}&#8221;][et_pb_column type=&#8221;4_4&#8243; _builder_version=&#8221;4.23.1&#8243; _module_preset=&#8221;default&#8221; global_colors_info=&#8221;{}&#8221;][et_pb_text _builder_version=&#8221;4.23.1&#8243; _module_preset=&#8221;default&#8221; global_colors_info=&#8221;{}&#8221;]<\/p>\n<h4><strong>\u010clanovi u\u010diteljskog vije\u0107a<\/strong><\/h4>\n<p><strong><\/strong><\/p>\n<p>U prilogu se nalazi dokument s popisom \u010dlanova u\u010diteljskog vije\u0107a:<\/p>\n<p><a href=\"https:\/\/os-dlermana-brestovac.skole.hr\/wp-content\/uploads\/sites\/774\/2024\/02\/Popis-nastavnika.pdf\">\u2022 \u010clanovi u\u010diteljskog vije\u0107a<\/a><\/p>\n<p>[\/et_pb_text][\/et_pb_column][\/et_pb_row][\/et_pb_section]<\/p>\n","protected":false},"excerpt":{"rendered":"<p>\u010clanovi u\u010diteljskog vije\u0107a U prilogu se nalazi dokument s popisom \u010dlanova u\u010diteljskog vije\u0107a: \u2022 \u010clanovi u\u010diteljskog vije\u0107a<\/p>\n","protected":false},"author":0,"featured_media":0,"parent":0,"menu_order":0,"comment_status":"closed","ping_status":"closed","template":"","meta":{"_et_pb_use_builder":"on","_et_pb_old_content":"","_et_gb_content_width":"","footnotes":""},"_links":{"self":[{"href":"https:\/\/os-dlermana-brestovac.skole.hr\/index.php?rest_route=\/wp\/v2\/pages\/50"}],"collection":[{"href":"https:\/\/os-dlermana-brestovac.skole.hr\/index.php?rest_route=\/wp\/v2\/pages"}],"about":[{"href":"https:\/\/os-dlermana-brestovac.skole.hr\/index.php?rest_route=\/wp\/v2\/types\/page"}],"replies":[{"embeddable":true,"href":"https:\/\/os-dlermana-brestovac.skole.hr\/index.php?rest_route=%2Fwp%2Fv2%2Fcomments&post=50"}],"version-history":[{"count":4,"href":"https:\/\/os-dlermana-brestovac.skole.hr\/index.php?rest_route=\/wp\/v2\/pages\/50\/revisions"}],"predecessor-version":[{"id":294079,"href":"https:\/\/os-dlermana-brestovac.skole.hr\/index.php?rest_route=\/wp\/v2\/pages\/50\/revisions\/294079"}],"wp:attachment":[{"href":"https:\/\/os-dlermana-brestovac.skole.hr\/index.php?rest_route=%2Fwp%2Fv2%2Fmedia&parent=50"}],"curies":[{"name":"wp","href":"https:\/\/api.w.org\/{rel}","templated":true}]}}