{"id":98,"date":"2023-07-28T22:08:34","date_gmt":"2023-07-28T20:08:34","guid":{"rendered":"https:\/\/os-dlermana-brestovac.skole.hr\/?page_id=98"},"modified":"2023-12-11T10:54:06","modified_gmt":"2023-12-11T09:54:06","slug":"predmetna-nastava","status":"publish","type":"page","link":"https:\/\/os-dlermana-brestovac.skole.hr\/?page_id=98","title":{"rendered":"Predmetna nastava"},"content":{"rendered":"<p>[et_pb_section fb_built=&#8221;1&#8243; fullwidth=&#8221;on&#8221; admin_label=&#8221;Hero&#8221; _builder_version=&#8221;4.16&#8243; background_image=&#8221;https:\/\/os-dlermana-brestovac.skole.hr\/wp-content\/uploads\/sites\/774\/2023\/11\/hdgdgh.jpg&#8221; parallax=&#8221;on&#8221; top_divider_style=&#8221;clouds2&#8243; top_divider_color=&#8221;rgba(255,255,255,0.3)&#8221; top_divider_height=&#8221;100%&#8221; bottom_divider_height=&#8221;30px&#8221; global_colors_info=&#8221;{}&#8221;][et_pb_fullwidth_header title=&#8221;Predmetna nastava&#8221; text_orientation=&#8221;center&#8221; _builder_version=&#8221;4.23.1&#8243; title_level=&#8221;h2&#8243; title_font=&#8221;Rubik|700||on|||||&#8221; title_text_color=&#8221;#ff7355&#8243; title_font_size=&#8221;25px&#8221; title_letter_spacing=&#8221;5px&#8221; title_line_height=&#8221;2em&#8221; content_font=&#8221;Rubik||||||||&#8221; content_font_size=&#8221;18px&#8221; content_line_height=&#8221;2em&#8221; subhead_font=&#8221;Rubik|700|||||||&#8221; subhead_text_color=&#8221;rgba(0,0,0,0.8)&#8221; subhead_font_size=&#8221;50px&#8221; subhead_line_height=&#8221;1.4em&#8221; background_color=&#8221;rgba(255,255,255,0)&#8221; use_background_color_gradient=&#8221;on&#8221; background_color_gradient_stops=&#8221;rgba(255,255,255,0.7) 0%|#ffffff 100%&#8221; background_color_gradient_start=&#8221;rgba(255,255,255,0.7)&#8221; background_color_gradient_end=&#8221;#ffffff&#8221; background_size=&#8221;contain&#8221; background_position=&#8221;bottom_center&#8221; custom_button_one=&#8221;on&#8221; button_one_text_size=&#8221;16px&#8221; button_one_text_color=&#8221;#ffffff&#8221; button_one_bg_color=&#8221;#ff7355&#8243; button_one_border_width=&#8221;15px&#8221; button_one_border_color=&#8221;rgba(210,159,104,0)&#8221; button_one_border_radius=&#8221;100px&#8221; button_one_letter_spacing=&#8221;0px&#8221; button_one_font=&#8221;Rubik|700|||||||&#8221; button_one_use_icon=&#8221;off&#8221; custom_button_two=&#8221;on&#8221; button_two_text_size=&#8221;16px&#8221; button_two_text_color=&#8221;#ffffff&#8221; button_two_bg_color=&#8221;rgba(0,0,0,0.6)&#8221; button_two_border_width=&#8221;15px&#8221; button_two_border_color=&#8221;rgba(210,159,104,0)&#8221; button_two_border_radius=&#8221;100px&#8221; button_two_letter_spacing=&#8221;0px&#8221; button_two_font=&#8221;Rubik|700|||||||&#8221; button_two_use_icon=&#8221;off&#8221; background_layout=&#8221;light&#8221; custom_margin=&#8221;|||&#8221; custom_padding=&#8221;0vw||0vw|||&#8221; animation_style=&#8221;slide&#8221; animation_direction=&#8221;bottom&#8221; animation_intensity_slide=&#8221;1%&#8221; subhead_font_size_tablet=&#8221;&#8221; subhead_font_size_phone=&#8221;30px&#8221; subhead_font_size_last_edited=&#8221;on|phone&#8221; button_one_border_radius_hover=&#8221;100px&#8221; button_two_border_radius_hover=&#8221;100px&#8221; button_one_bg_color_hover=&#8221;#ff8a70&#8243; button_two_bg_color_hover=&#8221;#ff8a70&#8243; global_colors_info=&#8221;{}&#8221; button_one_text_size__hover_enabled=&#8221;off&#8221; button_two_text_size__hover_enabled=&#8221;off&#8221; button_one_text_color__hover_enabled=&#8221;off&#8221; button_two_text_color__hover_enabled=&#8221;off&#8221; button_one_border_width__hover_enabled=&#8221;off&#8221; button_two_border_width__hover_enabled=&#8221;off&#8221; button_one_border_color__hover_enabled=&#8221;off&#8221; button_two_border_color__hover_enabled=&#8221;off&#8221; button_one_border_radius__hover_enabled=&#8221;on&#8221; button_one_border_radius__hover=&#8221;100px&#8221; button_two_border_radius__hover_enabled=&#8221;on&#8221; button_two_border_radius__hover=&#8221;100px&#8221; button_one_letter_spacing__hover_enabled=&#8221;off&#8221; button_two_letter_spacing__hover_enabled=&#8221;off&#8221; button_one_bg_color__hover_enabled=&#8221;on&#8221; button_one_bg_color__hover=&#8221;#ff8a70&#8243; button_two_bg_color__hover_enabled=&#8221;on&#8221; button_two_bg_color__hover=&#8221;#ff8a70&#8243;][\/et_pb_fullwidth_header][\/et_pb_section][et_pb_section fb_built=&#8221;1&#8243; admin_label=&#8221;Admissions&#8221; _builder_version=&#8221;4.16&#8243; use_background_color_gradient=&#8221;on&#8221; background_color_gradient_stops=&#8221;#ffffff 0%|#e3e3e8 100%&#8221; background_color_gradient_start=&#8221;#ffffff&#8221; background_color_gradient_end=&#8221;#e3e3e8&#8243; background_image=&#8221;https:\/\/os-dlermana-brestovac.skole.hr\/wp-content\/uploads\/sites\/774\/2023\/11\/shapes-bg-1.png&#8221; parallax=&#8221;on&#8221; custom_padding=&#8221;12px|||||&#8221; global_colors_info=&#8221;{}&#8221;][et_pb_row _builder_version=&#8221;4.23.1&#8243; _module_preset=&#8221;default&#8221; global_colors_info=&#8221;{}&#8221;][et_pb_column type=&#8221;4_4&#8243; _builder_version=&#8221;4.23.1&#8243; _module_preset=&#8221;default&#8221; global_colors_info=&#8221;{}&#8221;][et_pb_text _builder_version=&#8221;4.23.1&#8243; _module_preset=&#8221;default&#8221; global_colors_info=&#8221;{}&#8221;]<\/p>\n<h3><\/h3>\n<p><span style=\"font-size: 16px;text-align: justify\"><strong>Obvezni predmeti koje u\u010denici imaju u vi\u0161im razredima jesu:<\/strong><\/span><\/p>\n<p>Hrvatski jezik, koji predaju u\u010diteljice Anja Seni\u0107\u00a0i Maja Crnjac,<\/p>\n<p>Likovna kultura, koju predaje u\u010ditelj Domagoj Krip,<\/p>\n<p>Glazbena kultura, koju predaje u\u010ditelj\u00a0Zvjezdan Marjanovi\u0107,<\/p>\n<p>Engleski jezik, koji predaju u\u010diteljice Andrijana Butja Marinovi\u0107 i Antonija Fortunato &#8211; Kova\u010d,<\/p>\n<p>Matematika, koju predaju u\u010ditelj Dominik Ivan Miki\u0107 i u\u010diteljica Danijela Smoljanovi\u0107,<\/p>\n<p>Priroda, koju predaju\u00a0u\u010diteljice\u00a0Danijela Stani\u0107 i Martina Hein (Antonija Raji\u010d),<\/p>\n<p>Kemija i Biologija, koje\u00a0predaju\u00a0u\u010diteljice\u00a0Martina Hein (Antonija Raji\u010d) i Danijela Stani\u0107,<\/p>\n<p>Fizika, koju predaje u\u010diteljica Danijela Smoljanovi\u0107,<\/p>\n<p>Povijest, koju predaje u\u010ditelj Ivan D\u017eid\u017ei\u0107,<\/p>\n<p>Geografija, koju predaju u\u010ditelji Nemanja Lon\u010dar\u00a0i Ivan D\u017eid\u017ei\u0107,<\/p>\n<p>Tehni\u010dka kultura, koju predaje u\u010ditelj Mario Mostarki\u0107\u00a0 i<\/p>\n<p>Tjelesna i zdravstvena kultura, koju predaje u\u010ditelj Albinko Bagari\u0107 i Domagoj Matuha.<\/p>\n<p>[\/et_pb_text][et_pb_text _builder_version=&#8221;4.23.1&#8243; _module_preset=&#8221;default&#8221; locked=&#8221;off&#8221; global_colors_info=&#8221;{}&#8221;]<\/p>\n<h3><\/h3>\n<p><strong>Izborni predmeti koje u\u010denici imaju u vi\u0161im razredima jesu:<\/strong><\/p>\n<p>Vjeronauk, koji predaje vjerou\u010diteljica An\u010dica Bagari\u0107 i Ivica Rajkova\u010da,<\/p>\n<p>Informatika, koju predaje u\u010diteljica Emilija Budimir\u00a0i i Dino Bla\u017eevi\u0107,<\/p>\n<p>Njema\u010dki jezik, koji predaje u\u010diteljica Matea Buljan Bogdanovi\u0107.<\/p>\n<p style=\"text-align: justify\">\n<p>[\/et_pb_text][et_pb_text _builder_version=&#8221;4.23.1&#8243; _module_preset=&#8221;default&#8221; locked=&#8221;off&#8221; global_colors_info=&#8221;{}&#8221;]<\/p>\n<p><strong>Izvannastavne aktivnosti koje u\u010denici mogu poha\u0111ati u vi\u0161im razredima jesu:<\/strong><\/p>\n<p><span>Novinarska skupina<\/span><\/p>\n<p><span>Literarna skupina<\/span><\/p>\n<p><span>Dramska skupina<\/span><\/p>\n<p><span>Eko skupina<\/span><\/p>\n<p><span>Mladi kemi\u010dari<\/span><\/p>\n<p><span>Biblijska skupina<\/span><\/p>\n<p><span>Likovna skupina<\/span><\/p>\n<p><span>Veliki zbor<\/span><\/p>\n<p>Robotika<span><\/span><\/p>\n<p>English plus i English reading club<\/p>\n<p style=\"text-align: justify\">\n<p>[\/et_pb_text][\/et_pb_column][\/et_pb_row][\/et_pb_section]<\/p>\n","protected":false},"excerpt":{"rendered":"<p>Obvezni predmeti koje u\u010denici imaju u vi\u0161im razredima jesu: Hrvatski jezik, koji predaju u\u010diteljice Anja Seni\u0107\u00a0i Maja Crnjac, Likovna kultura, koju predaje u\u010ditelj Domagoj Krip, Glazbena kultura, koju predaje u\u010ditelj\u00a0Zvjezdan Marjanovi\u0107, Engleski jezik, koji predaju u\u010diteljice Andrijana Butja Marinovi\u0107 i Antonija Fortunato &#8211; Kova\u010d, Matematika, koju predaju u\u010ditelj Dominik Ivan Miki\u0107 i u\u010diteljica Danijela Smoljanovi\u0107, [&hellip;]<\/p>\n","protected":false},"author":0,"featured_media":0,"parent":0,"menu_order":0,"comment_status":"closed","ping_status":"closed","template":"","meta":{"_et_pb_use_builder":"on","_et_pb_old_content":"","_et_gb_content_width":"","footnotes":""},"_links":{"self":[{"href":"https:\/\/os-dlermana-brestovac.skole.hr\/index.php?rest_route=\/wp\/v2\/pages\/98"}],"collection":[{"href":"https:\/\/os-dlermana-brestovac.skole.hr\/index.php?rest_route=\/wp\/v2\/pages"}],"about":[{"href":"https:\/\/os-dlermana-brestovac.skole.hr\/index.php?rest_route=\/wp\/v2\/types\/page"}],"replies":[{"embeddable":true,"href":"https:\/\/os-dlermana-brestovac.skole.hr\/index.php?rest_route=%2Fwp%2Fv2%2Fcomments&post=98"}],"version-history":[{"count":3,"href":"https:\/\/os-dlermana-brestovac.skole.hr\/index.php?rest_route=\/wp\/v2\/pages\/98\/revisions"}],"predecessor-version":[{"id":293047,"href":"https:\/\/os-dlermana-brestovac.skole.hr\/index.php?rest_route=\/wp\/v2\/pages\/98\/revisions\/293047"}],"wp:attachment":[{"href":"https:\/\/os-dlermana-brestovac.skole.hr\/index.php?rest_route=%2Fwp%2Fv2%2Fmedia&parent=98"}],"curies":[{"name":"wp","href":"https:\/\/api.w.org\/{rel}","templated":true}]}}